{"id":1705,"date":"2025-02-25T12:01:59","date_gmt":"2025-02-25T15:01:59","guid":{"rendered":"https:\/\/hgsim.cl\/?page_id=1705"},"modified":"2025-10-10T13:32:37","modified_gmt":"2025-10-10T16:32:37","slug":"visualizacion-3d","status":"publish","type":"page","link":"https:\/\/hgsim.cl\/es\/visualizacion-3d\/","title":{"rendered":"Visualizaci\u00f3n 3D"},"content":{"rendered":"\t\t<div data-elementor-type=\"wp-page\" data-elementor-id=\"1705\" class=\"elementor elementor-1705\" data-elementor-post-type=\"page\">\n\t\t\t\t<div class=\"elementor-element elementor-element-dc74308 e-flex e-con-boxed e-con e-parent\" data-id=\"dc74308\" data-element_type=\"container\" data-e-type=\"container\">\n\t\t\t\t\t<div class=\"e-con-inner\">\n\t\t\t\t<div class=\"elementor-element elementor-element-b1aad21 elementor-invisible elementor-widget elementor-widget-heading\" data-id=\"b1aad21\" data-element_type=\"widget\" data-e-type=\"widget\" data-settings=\"{&quot;_animation&quot;:&quot;fadeInUp&quot;}\" data-widget_type=\"heading.default\">\n\t\t\t\t<div class=\"elementor-widget-container\">\n\t\t\t\t\t<h5 class=\"elementor-heading-title elementor-size-default\">Visualizaci\u00f3n<\/h5>\t\t\t\t<\/div>\n\t\t\t\t<\/div>\n\t\t\t\t<div class=\"elementor-element elementor-element-c4db315 elementor-widget elementor-widget-heading\" data-id=\"c4db315\" data-element_type=\"widget\" data-e-type=\"widget\" data-widget_type=\"heading.default\">\n\t\t\t\t<div class=\"elementor-widget-container\">\n\t\t\t\t\t<h2 class=\"elementor-heading-title elementor-size-default\">Servicio de\n<br>\nVisualizaci\u00f3n 3D<\/h2>\t\t\t\t<\/div>\n\t\t\t\t<\/div>\n\t\t\t\t<div class=\"elementor-element elementor-element-7b9d021 elementor-widget elementor-widget-text-editor\" data-id=\"7b9d021\" data-element_type=\"widget\" data-e-type=\"widget\" data-widget_type=\"text-editor.default\">\n\t\t\t\t<div class=\"elementor-widget-container\">\n\t\t\t\t\t\t\t\t\t<div class=\"page\" title=\"Page 2\"><div class=\"section\"><div class=\"layoutArea\"><div class=\"column\"><p>En HGSIM, nos comprometemos con la excelencia en ingenier\u00eda y dise\u00f1o. Somos especialistas en la creaci\u00f3n de modelos y montajes virtuales en 3D, ofreciendo soluciones innovadoras y de alta precisi\u00f3n que nos posicionan como referentes en la industria.<\/p><\/div><\/div><\/div><\/div>\t\t\t\t\t\t\t\t<\/div>\n\t\t\t\t<\/div>\n\t\t\t\t\t<\/div>\n\t\t\t\t<\/div>\n\t\t<div class=\"elementor-element elementor-element-9b6623e e-con-full e-flex e-con e-parent\" data-id=\"9b6623e\" data-element_type=\"container\" data-e-type=\"container\">\n\t\t<div class=\"elementor-element elementor-element-2b2bbb3 e-con-full e-flex e-con e-child\" data-id=\"2b2bbb3\" data-element_type=\"container\" data-e-type=\"container\">\n\t\t\t\t<div class=\"elementor-element elementor-element-d63b9cc elementor-widget__width-initial elementor-widget elementor-widget-html\" data-id=\"d63b9cc\" data-element_type=\"widget\" data-e-type=\"widget\" data-widget_type=\"html.default\">\n\t\t\t\t<div class=\"elementor-widget-container\">\n\t\t\t\t\t<style>\nmodel-viewer{\n    width:100%;\n    height: 100vh;\n}\n@media (max-width: 1024px) {\nmodel-viewer{\n    height:600px;\n}\n}\n@media (max-width: 767px) {\nmodel-viewer{\n    height:350px;\n}\n}\n<\/style>\n\n<script src=\"https:\/\/unpkg.com\/@webcomponents\/webcomponentsjs@2.1.3\/webcomponents-loader.js\"><\/script> \n\n<model-viewer\n    src=\"https:\/\/hgsim.cl\/wp-content\/uploads\/3d\/CR350_MAS_OPERADOR_FREE_2\/CR350_MAS_OPERADOR_FREE_2.gltf\"\n    shadow-intensity=\"1\"\n    disable-zoom\n    camera-controls\n    auto-rotate\n>\n<\/model-viewer>\n\n<script type=\"module\" src=\"https:\/\/unpkg.com\/@google\/model-viewer\/dist\/model-viewer.min.js\"><\/script>\n<script nomodule src=\"https:\/\/unpkg.com\/@google\/model-viewer\/dist\/model-viewer-legacy.js\"><\/script>\t\t\t\t<\/div>\n\t\t\t\t<\/div>\n\t\t\t\t<\/div>\n\t\t\t\t<\/div>\n\t\t<div class=\"elementor-element elementor-element-8b532d6 e-con-full e-flex e-con e-parent\" data-id=\"8b532d6\" data-element_type=\"container\" data-e-type=\"container\">\n\t\t<div class=\"elementor-element elementor-element-4d5cb2e e-con-full e-flex e-con e-child\" data-id=\"4d5cb2e\" data-element_type=\"container\" data-e-type=\"container\">\n\t\t\t\t<div class=\"elementor-element elementor-element-e998765 elementor-widget__width-initial elementor-widget elementor-widget-html\" data-id=\"e998765\" data-element_type=\"widget\" data-e-type=\"widget\" data-widget_type=\"html.default\">\n\t\t\t\t<div class=\"elementor-widget-container\">\n\t\t\t\t\t<style>\nmodel-viewer{\n    width:100%;\n    height: 100vh;\n}\n@media (max-width: 1024px) {\nmodel-viewer{\n    height:600px;\n}\n}\n@media (max-width: 767px) {\nmodel-viewer{\n    height:350px;\n}\n}\n<\/style>\n\n<script src=\"https:\/\/unpkg.com\/@webcomponents\/webcomponentsjs@2.1.3\/webcomponents-loader.js\"><\/script> \n\n<model-viewer\n    src=\"https:\/\/hgsim.cl\/wp-content\/uploads\/3d\/TANQUE-BLENDER-R0\/TANQUE-BLENDER-R0.gltf\"\n    shadow-intensity=\"1\"\n    disable-zoom\n    camera-controls\n    auto-rotate\n>\n<\/model-viewer>\n\n<script type=\"module\" src=\"https:\/\/unpkg.com\/@google\/model-viewer\/dist\/model-viewer.min.js\"><\/script>\n<script nomodule src=\"https:\/\/unpkg.com\/@google\/model-viewer\/dist\/model-viewer-legacy.js\"><\/script>\t\t\t\t<\/div>\n\t\t\t\t<\/div>\n\t\t\t\t<\/div>\n\t\t\t\t<\/div>\n\t\t<div class=\"elementor-element elementor-element-87932e6 e-con-full e-flex e-con e-parent\" data-id=\"87932e6\" data-element_type=\"container\" data-e-type=\"container\">\n\t\t<div class=\"elementor-element elementor-element-491c497 e-con-full e-flex e-con e-child\" data-id=\"491c497\" data-element_type=\"container\" data-e-type=\"container\">\n\t\t\t\t<div class=\"elementor-element elementor-element-1c0813a elementor-widget__width-initial elementor-widget elementor-widget-html\" data-id=\"1c0813a\" data-element_type=\"widget\" data-e-type=\"widget\" data-widget_type=\"html.default\">\n\t\t\t\t<div class=\"elementor-widget-container\">\n\t\t\t\t\t<style>\nmodel-viewer{\n    width:100%;\n    height: 100vh;\n}\n@media (max-width: 1024px) {\nmodel-viewer{\n    height:600px;\n}\n}\n@media (max-width: 767px) {\nmodel-viewer{\n    height:350px;\n}\n}\n<\/style>\n\n<script src=\"https:\/\/unpkg.com\/@webcomponents\/webcomponentsjs@2.1.3\/webcomponents-loader.js\"><\/script> \n\n<model-viewer\n    src=\"https:\/\/hgsim.cl\/wp-content\/uploads\/3d\/Colector_de_Polvo_BLENDER_2\/Colector_de_Polvo_BLENDER_2.gltf\"\n    shadow-intensity=\"1\"\n    disable-zoom\n    camera-controls\n    auto-rotate\n>\n<\/model-viewer>\n\n<script type=\"module\" src=\"https:\/\/unpkg.com\/@google\/model-viewer\/dist\/model-viewer.min.js\"><\/script>\n<script nomodule src=\"https:\/\/unpkg.com\/@google\/model-viewer\/dist\/model-viewer-legacy.js\"><\/script>\t\t\t\t<\/div>\n\t\t\t\t<\/div>\n\t\t\t\t<\/div>\n\t\t\t\t<\/div>\n\t\t\t\t<\/div>\n\t\t","protected":false},"excerpt":{"rendered":"<p>Visualizaci\u00f3n Servicio de Visualizaci\u00f3n 3D En HGSIM, nos comprometemos con la excelencia en ingenier\u00eda y dise\u00f1o. Somos especialistas en la creaci\u00f3n de modelos y montajes virtuales en 3D, ofreciendo soluciones innovadoras y de alta precisi\u00f3n que nos posicionan como referentes en la industria.<\/p>\n","protected":false},"author":1,"featured_media":0,"parent":0,"menu_order":0,"comment_status":"closed","ping_status":"closed","template":"","meta":{"footnotes":""},"class_list":["post-1705","page","type-page","status-publish","hentry"],"_links":{"self":[{"href":"https:\/\/hgsim.cl\/es\/wp-json\/wp\/v2\/pages\/1705","targetHints":{"allow":["GET"]}}],"collection":[{"href":"https:\/\/hgsim.cl\/es\/wp-json\/wp\/v2\/pages"}],"about":[{"href":"https:\/\/hgsim.cl\/es\/wp-json\/wp\/v2\/types\/page"}],"author":[{"embeddable":true,"href":"https:\/\/hgsim.cl\/es\/wp-json\/wp\/v2\/users\/1"}],"replies":[{"embeddable":true,"href":"https:\/\/hgsim.cl\/es\/wp-json\/wp\/v2\/comments?post=1705"}],"version-history":[{"count":0,"href":"https:\/\/hgsim.cl\/es\/wp-json\/wp\/v2\/pages\/1705\/revisions"}],"wp:attachment":[{"href":"https:\/\/hgsim.cl\/es\/wp-json\/wp\/v2\/media?parent=1705"}],"curies":[{"name":"wp","href":"https:\/\/api.w.org\/{rel}","templated":true}]}}